{"id":15,"date":"2009-06-10T00:07:20","date_gmt":"2009-06-09T22:07:20","guid":{"rendered":"http:\/\/www.brueckenmusik.de\/BMs\/?page_id=15"},"modified":"2024-06-21T08:42:27","modified_gmt":"2024-06-21T06:42:27","slug":"anfahrt","status":"publish","type":"page","link":"https:\/\/www.brueckenmusik.de\/?page_id=15","title":{"rendered":"Deutzer Br\u00fccke"},"content":{"rendered":"\n<figure class=\"wp-block-image size-full\"><img loading=\"lazy\" decoding=\"async\" width=\"380\" height=\"211\" src=\"https:\/\/www.brueckenmusik.de\/BMs\/wp-content\/uploads\/2009\/06\/anfahrt_02-1.jpg\" alt=\"\" class=\"wp-image-18\" srcset=\"https:\/\/www.brueckenmusik.de\/BMs\/wp-content\/uploads\/2009\/06\/anfahrt_02-1.jpg 380w, https:\/\/www.brueckenmusik.de\/BMs\/wp-content\/uploads\/2009\/06\/anfahrt_02-1-300x167.jpg 300w\" sizes=\"auto, (max-width: 380px) 100vw, 380px\" \/><\/figure>\n\n\n\n<p>EINGANG<br>\u00fcber die Markmannsgasse<\/p>\n\n\n\n<p>Rampe gegen\u00fcber &#8222;Drumcenter&#8220;, Markmannsgasse 9-11 \/ <br>Stra\u00dfenecke &#8222;Auf dem Rothenberg\/Markmannsgasse&#8220;,<\/p>\n\n\n\n<p>\u00d6PNV:<br>U-Bahn-Halt: Heumarkt<\/p>\n\n\n\n<p>PKW:<br>Parkhaus Maritim, Heumarkt 20<br>durchgehend ge\u00f6ffnet<br><\/p>\n\n\n\n<iframe src=\"https:\/\/www.google.com\/maps\/embed?pb=!1m17!1m12!1m3!1d1430.6628306053044!2d6.9610154568198555!3d50.93666669289276!2m3!1f0!2f0!3f0!3m2!1i1024!2i768!4f13.1!3m2!1m1!2zNTDCsDU2JzEyLjAiTiA2wrA1Nyc0NC4zIkU!5e1!3m2!1sde!2sde!4v1718952047421!5m2!1sde!2sde\" width=\"600\" height=\"450\" style=\"border:0;\" allowfullscreen=\"\" loading=\"lazy\" referrerpolicy=\"no-referrer-when-downgrade\"><\/iframe>\n\n\n\n<p class=\"has-text-align-left\"><iframe loading=\"lazy\" src=\"http:\/\/maps.google.com\/maps?f=q&amp;source=s_q&amp;hl=de&amp;geocode=&amp;q=k%C3%B6ln,+markmannsgasse+9&amp;aq=&amp;sll=50.936861,6.961952&amp;sspn=0.001964,0.003777&amp;ie=UTF8&amp;hq=&amp;hnear=Markmannsgasse+9,+50667+K%C3%B6ln,+Nordrhein-Westfalen,+Deutschland&amp;ll=50.93678,6.962078&amp;spn=0.001964,0.003777&amp;t=m&amp;z=14&amp;output=embed\" marginwidth=\"0\" marginheight=\"0\" scrolling=\"no\" width=\"400\" height=\"300\" frameborder=\"0\"><\/iframe><br><small><a style=\"color: #0000ff; text-align: left;\" href=\"http:\/\/maps.google.com\/maps?f=q&amp;source=embed&amp;hl=de&amp;geocode=&amp;q=k%C3%B6ln,+markmannsgasse+9&amp;aq=&amp;sll=50.936861,6.961952&amp;sspn=0.001964,0.003777&amp;ie=UTF8&amp;hq=&amp;hnear=Markmannsgasse+9,+50667+K%C3%B6ln,+Nordrhein-Westfalen,+Deutschland&amp;ll=50.93678,6.962078&amp;spn=0.001964,0.003777&amp;t=m&amp;z=14\">Gr\u00f6\u00dfere Kartenansicht<\/a><\/small><\/p>\n","protected":false},"excerpt":{"rendered":"<p>EINGANG\u00fcber die Markmannsgasse Rampe gegen\u00fcber &#8222;Drumcenter&#8220;, Markmannsgasse 9-11 \/ Stra\u00dfenecke &#8222;Auf dem Rothenberg\/Markmannsgasse&#8220;, \u00d6PNV:U-Bahn-Halt: Heumarkt PKW:Parkhaus Maritim, Heumarkt 20durchgehend ge\u00f6ffnet Gr\u00f6\u00dfere Kartenansicht<\/p>\n","protected":false},"author":1,"featured_media":0,"parent":1074,"menu_order":0,"comment_status":"closed","ping_status":"closed","template":"","meta":{"footnotes":""},"class_list":["post-15","page","type-page","status-publish"],"_links":{"self":[{"href":"https:\/\/www.brueckenmusik.de\/index.php?rest_route=\/wp\/v2\/pages\/15","targetHints":{"allow":["GET"]}}],"collection":[{"href":"https:\/\/www.brueckenmusik.de\/index.php?rest_route=\/wp\/v2\/pages"}],"about":[{"href":"https:\/\/www.brueckenmusik.de\/index.php?rest_route=\/wp\/v2\/types\/page"}],"author":[{"embeddable":true,"href":"https:\/\/www.brueckenmusik.de\/index.php?rest_route=\/wp\/v2\/users\/1"}],"replies":[{"embeddable":true,"href":"https:\/\/www.brueckenmusik.de\/index.php?rest_route=%2Fwp%2Fv2%2Fcomments&post=15"}],"version-history":[{"count":3,"href":"https:\/\/www.brueckenmusik.de\/index.php?rest_route=\/wp\/v2\/pages\/15\/revisions"}],"predecessor-version":[{"id":2941,"href":"https:\/\/www.brueckenmusik.de\/index.php?rest_route=\/wp\/v2\/pages\/15\/revisions\/2941"}],"up":[{"embeddable":true,"href":"https:\/\/www.brueckenmusik.de\/index.php?rest_route=\/wp\/v2\/pages\/1074"}],"wp:attachment":[{"href":"https:\/\/www.brueckenmusik.de\/index.php?rest_route=%2Fwp%2Fv2%2Fmedia&parent=15"}],"curies":[{"name":"wp","href":"https:\/\/api.w.org\/{rel}","templated":true}]}}