{"id":1700,"date":"2001-06-06T10:11:41","date_gmt":"2001-06-06T08:11:41","guid":{"rendered":"http:\/\/www.brueckenmusik.de\/?page_id=1700"},"modified":"2024-06-21T10:40:31","modified_gmt":"2024-06-21T08:40:31","slug":"newsletter","status":"publish","type":"page","link":"https:\/\/www.brueckenmusik.de\/?page_id=1700","title":{"rendered":"Newsletter"},"content":{"rendered":"\n<p>Mit unserem Newsletter informieren wir Sie \u00fcber das aktuelle Br\u00fcckenmusik-Programm. <br>Das Abo kann nat\u00fcrlich jederzeit mit einem Klick wieder gek\u00fcndigt werden<em>.<\/em><\/p>\n\n\n\n<div style=\"height:60px\" aria-hidden=\"true\" class=\"wp-block-spacer\"><\/div>\n\n\n<script>(function() {\n\twindow.mc4wp = window.mc4wp || {\n\t\tlisteners: [],\n\t\tforms: {\n\t\t\ton: function(evt, cb) {\n\t\t\t\twindow.mc4wp.listeners.push(\n\t\t\t\t\t{\n\t\t\t\t\t\tevent   : evt,\n\t\t\t\t\t\tcallback: cb\n\t\t\t\t\t}\n\t\t\t\t);\n\t\t\t}\n\t\t}\n\t}\n})();\n<\/script><!-- Mailchimp for WordPress v4.10.3 - https:\/\/wordpress.org\/plugins\/mailchimp-for-wp\/ --><form id=\"mc4wp-form-1\" class=\"mc4wp-form mc4wp-form-2987\" method=\"post\" data-id=\"2987\" data-name=\"\" ><div class=\"mc4wp-form-fields\"><p>\n\t<label>E-Mail-Adresse: \n\t\t<input type=\"email\" name=\"EMAIL\" placeholder=\"Deine E-Mail Adresse\" required \/>\n<\/label>\n<\/p>\n\n<p>\n\t<input type=\"submit\" value=\"Registrieren\" \/>\n<\/p><\/div><label style=\"display: none !important;\">Wenn du ein Mensch bist, lasse das Feld leer: <input type=\"text\" name=\"_mc4wp_honeypot\" value=\"\" tabindex=\"-1\" autocomplete=\"off\" \/><\/label><input type=\"hidden\" name=\"_mc4wp_timestamp\" value=\"1776777175\" \/><input type=\"hidden\" name=\"_mc4wp_form_id\" value=\"2987\" \/><input type=\"hidden\" name=\"_mc4wp_form_element_id\" value=\"mc4wp-form-1\" \/><div class=\"mc4wp-response\"><\/div><\/form><!-- \/ Mailchimp for WordPress Plugin -->\n","protected":false},"excerpt":{"rendered":"<p>Mit unserem Newsletter informieren wir Sie \u00fcber das aktuelle Br\u00fcckenmusik-Programm. Das Abo kann nat\u00fcrlich jederzeit mit einem Klick wieder gek\u00fcndigt werden.<\/p>\n","protected":false},"author":1,"featured_media":0,"parent":0,"menu_order":2,"comment_status":"closed","ping_status":"closed","template":"","meta":{"footnotes":""},"class_list":["post-1700","page","type-page","status-publish"],"_links":{"self":[{"href":"https:\/\/www.brueckenmusik.de\/index.php?rest_route=\/wp\/v2\/pages\/1700","targetHints":{"allow":["GET"]}}],"collection":[{"href":"https:\/\/www.brueckenmusik.de\/index.php?rest_route=\/wp\/v2\/pages"}],"about":[{"href":"https:\/\/www.brueckenmusik.de\/index.php?rest_route=\/wp\/v2\/types\/page"}],"author":[{"embeddable":true,"href":"https:\/\/www.brueckenmusik.de\/index.php?rest_route=\/wp\/v2\/users\/1"}],"replies":[{"embeddable":true,"href":"https:\/\/www.brueckenmusik.de\/index.php?rest_route=%2Fwp%2Fv2%2Fcomments&post=1700"}],"version-history":[{"count":5,"href":"https:\/\/www.brueckenmusik.de\/index.php?rest_route=\/wp\/v2\/pages\/1700\/revisions"}],"predecessor-version":[{"id":2992,"href":"https:\/\/www.brueckenmusik.de\/index.php?rest_route=\/wp\/v2\/pages\/1700\/revisions\/2992"}],"wp:attachment":[{"href":"https:\/\/www.brueckenmusik.de\/index.php?rest_route=%2Fwp%2Fv2%2Fmedia&parent=1700"}],"curies":[{"name":"wp","href":"https:\/\/api.w.org\/{rel}","templated":true}]}}