{"id":2276,"date":"2009-06-08T13:11:38","date_gmt":"2009-06-08T11:11:38","guid":{"rendered":"http:\/\/www.brueckenmusik.de\/BMs\/?page_id=2"},"modified":"2025-05-12T13:20:14","modified_gmt":"2025-05-12T11:20:14","slug":"ueber-mich","status":"publish","type":"page","link":"https:\/\/www.brueckenmusik.de\/?page_id=2276","title":{"rendered":"IMPRESSUM"},"content":{"rendered":"\n<p><span class=\"s1\">Br\u00fcckenmusik e.V. <\/span><br>Th\u00fcrmchenswall 25<br>50668 K\u00f6ln<\/p>\n\n\n\n<p>VR 21634 &#8211; Amtsgericht K\u00f6ln<br><br>Sprecher im Vorstand: Volker Zander<span class=\"s1\"><br><\/span>E-Mail: <a href=\"mailto:news@brueckenmusik.de\">news(at)brueckenmusik.de<\/a><br>www.brueckenmusik.de<\/p>\n\n\n\n<p>Inhaltlich Verantwortlicher gem\u00e4\u00df \u00a7 55 Abs. 2 RStV: Br\u00fcckenmusik e.V. (Sprecher des Vorstands: Volker Zander, Anschrift siehe oben). Haftungshinweis: Trotz sorgf\u00e4ltiger inhaltlicher Kontrolle \u00fcbernehmen wir keine Haftung f\u00fcr die Inhalte externer Links. F\u00fcr den Inhalt der verlinkten Seiten sind ausschlie\u00dflich deren Betreiber verantwortlich.<\/p>\n\n\n\n<p>seit 2023:<br>Heike Ander, Friedemann Dupelius, Meryem Erkus, Sebastian von der Heide, Theresa Nink, Dirk Specht, Volker Zander<\/p>\n\n\n\n<p>seit 2017:<br>Kuratorenteam:&nbsp;<span class=\"s1\">Heike Ander, Friedemann Dupelius, Meryem Erkus, Theresa Nink, Dirk Specht, Volker Zander<\/span><\/p>\n\n\n\n<p>Kuratorenteam\/Organisation von&nbsp;2013\u20132016:<br>Therapeutische H\u00f6rgruppe K\u00f6ln<br>(Tobias Beck, Tobias Grewenig, Volker Hennes, Svann E. Langguth, Dirk Specht)<\/p>\n\n\n\n<p>Kuratorenteam\/Organisation von 2005\u20132012:<br>hans w. koch<br>Jens Brand<\/p>\n\n\n\n<p>Kuratorenteam\/Organisation von 1999\u20132004:<br>Peter Behrendsen<br>hans w. koch<\/p>\n\n\n\n<p>Kurator\/Organisation von 1995\u20131998:<br>Peter Behrendsen<br><br>Printgrafik\/Web: <a href=\"http:\/\/www.c-marek.de\">Christa Marek, K\u00f6ln<\/a><\/p>\n\n\n\n<p>Die Br\u00fcckenmusik ist Mitglied im <a href=\"http:\/\/www.aic.cologne\/\">AiC.<\/a>[:en]<\/p>\n\n\n\n<p>Kontakt: <span class=\"s1\">Volker Zander<br><\/span>E-Mail: <a href=\"mailto:news@brueckenmusik.de\">news(at)brueckenmusik.de<\/a><br>www.brueckenmusik.de<\/p>\n","protected":false},"excerpt":{"rendered":"<p>Br\u00fcckenmusik e.V. Th\u00fcrmchenswall 2550668 K\u00f6ln VR 21634 &#8211; Amtsgericht K\u00f6ln Sprecher im Vorstand: Volker ZanderE-Mail: news(at)brueckenmusik.dewww.brueckenmusik.de Inhaltlich Verantwortlicher gem\u00e4\u00df \u00a7 55 Abs. 2 RStV: Br\u00fcckenmusik e.V. (Sprecher des Vorstands: Volker Zander, Anschrift siehe oben). Haftungshinweis: Trotz sorgf\u00e4ltiger inhaltlicher Kontrolle \u00fcbernehmen wir keine Haftung f\u00fcr die Inhalte externer Links. F\u00fcr den Inhalt der verlinkten Seiten sind &#8230; <a title=\"IMPRESSUM\" class=\"read-more\" href=\"https:\/\/www.brueckenmusik.de\/?page_id=2276\" aria-label=\"Read more about IMPRESSUM\">Read more<\/a><\/p>\n","protected":false},"author":1,"featured_media":0,"parent":0,"menu_order":0,"comment_status":"closed","ping_status":"closed","template":"","meta":{"footnotes":""},"class_list":["post-2276","page","type-page","status-publish"],"_links":{"self":[{"href":"https:\/\/www.brueckenmusik.de\/index.php?rest_route=\/wp\/v2\/pages\/2276","targetHints":{"allow":["GET"]}}],"collection":[{"href":"https:\/\/www.brueckenmusik.de\/index.php?rest_route=\/wp\/v2\/pages"}],"about":[{"href":"https:\/\/www.brueckenmusik.de\/index.php?rest_route=\/wp\/v2\/types\/page"}],"author":[{"embeddable":true,"href":"https:\/\/www.brueckenmusik.de\/index.php?rest_route=\/wp\/v2\/users\/1"}],"replies":[{"embeddable":true,"href":"https:\/\/www.brueckenmusik.de\/index.php?rest_route=%2Fwp%2Fv2%2Fcomments&post=2276"}],"version-history":[{"count":7,"href":"https:\/\/www.brueckenmusik.de\/index.php?rest_route=\/wp\/v2\/pages\/2276\/revisions"}],"predecessor-version":[{"id":3181,"href":"https:\/\/www.brueckenmusik.de\/index.php?rest_route=\/wp\/v2\/pages\/2276\/revisions\/3181"}],"wp:attachment":[{"href":"https:\/\/www.brueckenmusik.de\/index.php?rest_route=%2Fwp%2Fv2%2Fmedia&parent=2276"}],"curies":[{"name":"wp","href":"https:\/\/api.w.org\/{rel}","templated":true}]}}