{"id":766,"date":"2014-06-10T18:40:02","date_gmt":"2014-06-10T16:40:02","guid":{"rendered":"http:\/\/www.brueckenmusik.de\/?page_id=766"},"modified":"2024-06-21T08:03:21","modified_gmt":"2024-06-21T06:03:21","slug":"deutzer-brucke","status":"publish","type":"page","link":"https:\/\/www.brueckenmusik.de\/?page_id=766","title":{"rendered":"DEUTZER BR\u00dcCKE"},"content":{"rendered":"<p>Am 16. Oktober 1948 wurde die neu erbaute Deutzer Br\u00fccke dem Verkehr \u00fcbergeben. September 1976-Oktober 1980 wurde die Br\u00fccke verbreitert. Stromaufw\u00e4rts wurde die Spannbeton-Balkenbr\u00fccke errichtet und an die alte Br\u00fccke herangeschoben. Durch die Verbreiterung der Gesamtnutzbreite um 12,30 m verf\u00fcgt die Br\u00fccke nunmehr \u00fcber einen separaten Gleisk\u00f6rper f\u00fcr die Stra\u00dfenbahnen der KVB. Im Jahr 2011 war der Hohlk\u00f6rper wegen Rennovierung geschlossen.<\/p>\n<p>L\u00e4nge: 437,31 m \/ Nutzbreite: 31,60 m \/ Gesamtgewicht: rd. 28.000 t \/ Gr\u00f6\u00dfte St\u00fctzweite: 184,50 m.<\/p>\n","protected":false},"excerpt":{"rendered":"<p>Am 16. Oktober 1948 wurde die neu erbaute Deutzer Br\u00fccke dem Verkehr \u00fcbergeben. September 1976-Oktober 1980 wurde die Br\u00fccke verbreitert. Stromaufw\u00e4rts wurde die Spannbeton-Balkenbr\u00fccke errichtet und an die alte Br\u00fccke herangeschoben. Durch die Verbreiterung der Gesamtnutzbreite um 12,30 m verf\u00fcgt die Br\u00fccke nunmehr \u00fcber einen separaten Gleisk\u00f6rper f\u00fcr die Stra\u00dfenbahnen der KVB. Im Jahr 2011 &#8230; <a title=\"DEUTZER BR\u00dcCKE\" class=\"read-more\" href=\"https:\/\/www.brueckenmusik.de\/?page_id=766\" aria-label=\"Read more about DEUTZER BR\u00dcCKE\">Read more<\/a><\/p>\n","protected":false},"author":1,"featured_media":0,"parent":0,"menu_order":4,"comment_status":"closed","ping_status":"closed","template":"","meta":{"footnotes":""},"class_list":["post-766","page","type-page","status-publish"],"_links":{"self":[{"href":"https:\/\/www.brueckenmusik.de\/index.php?rest_route=\/wp\/v2\/pages\/766","targetHints":{"allow":["GET"]}}],"collection":[{"href":"https:\/\/www.brueckenmusik.de\/index.php?rest_route=\/wp\/v2\/pages"}],"about":[{"href":"https:\/\/www.brueckenmusik.de\/index.php?rest_route=\/wp\/v2\/types\/page"}],"author":[{"embeddable":true,"href":"https:\/\/www.brueckenmusik.de\/index.php?rest_route=\/wp\/v2\/users\/1"}],"replies":[{"embeddable":true,"href":"https:\/\/www.brueckenmusik.de\/index.php?rest_route=%2Fwp%2Fv2%2Fcomments&post=766"}],"version-history":[{"count":1,"href":"https:\/\/www.brueckenmusik.de\/index.php?rest_route=\/wp\/v2\/pages\/766\/revisions"}],"predecessor-version":[{"id":2931,"href":"https:\/\/www.brueckenmusik.de\/index.php?rest_route=\/wp\/v2\/pages\/766\/revisions\/2931"}],"wp:attachment":[{"href":"https:\/\/www.brueckenmusik.de\/index.php?rest_route=%2Fwp%2Fv2%2Fmedia&parent=766"}],"curies":[{"name":"wp","href":"https:\/\/api.w.org\/{rel}","templated":true}]}}