{"id":894,"date":"2015-06-24T20:21:52","date_gmt":"2015-06-24T18:21:52","guid":{"rendered":"http:\/\/www.brueckenmusik.de\/?page_id=894"},"modified":"2024-08-12T14:12:01","modified_gmt":"2024-08-12T12:12:01","slug":"cd","status":"publish","type":"page","link":"https:\/\/www.brueckenmusik.de\/?page_id=894","title":{"rendered":"CD"},"content":{"rendered":"\n<figure class=\"wp-block-image size-medium\"><img loading=\"lazy\" decoding=\"async\" width=\"300\" height=\"214\" src=\"https:\/\/www.brueckenmusik.de\/BMs\/wp-content\/uploads\/2018\/04\/CD-BM15-1-300x214.jpg\" alt=\"\" class=\"wp-image-1390\" srcset=\"https:\/\/www.brueckenmusik.de\/BMs\/wp-content\/uploads\/2018\/04\/CD-BM15-1-300x214.jpg 300w, https:\/\/www.brueckenmusik.de\/BMs\/wp-content\/uploads\/2018\/04\/CD-BM15-1-768x548.jpg 768w, https:\/\/www.brueckenmusik.de\/BMs\/wp-content\/uploads\/2018\/04\/CD-BM15-1.jpg 800w\" sizes=\"auto, (max-width: 300px) 100vw, 300px\" \/><\/figure>\n\n\n\n<p><br><em>Audio-CD (ca. 80 min)<\/em><\/p>\n\n\n\n<p><em>BMRec001<\/em><br><strong>Deutzer Br\u00fccke \u2013 K\u00f6ln, Mai 2015<\/strong><\/p>\n\n\n\n<p><span class=\"Apple-style-span\">Eine Hommage an die Deutzer Br\u00fccke. Still ist es in der Deutzer Br\u00fccke nie. Autos und Stra\u00dfenbahn von oben, der Rhein mit seinem regen Schiffsverkehr von unten und der Hall im Inneren. Die CD ist e<\/span>ine akustische Dokumentation des&nbsp;<span class=\"Apple-style-span\">Innenraums, mit knapp 80 Minuten, aufgenommen im Hohlk\u00f6rper des Bauwerks.<br><\/span><\/p>\n\n\n\n<p>&#8212;&#8212;&#8212;&#8211;<\/p>\n\n\n\n<p>Einzelverkaufspreis: 6,90 EUR (zzgl. Versand)<\/p>\n\n\n\n<p>CD erh\u00e4ltlich \u00fcber <a href=\"mailto:buch@brueckenmusik.de\">news@brueckenmusik.de<\/a>\u00a0und<br><a href=\"http:\/\/www.a-musik.de\/\">www.a-musik.de<\/a><\/p>\n\n\n\n<hr class=\"wp-block-separator has-alpha-channel-opacity\"\/>\n\n\n\n<p>Ein Herausforderung an diesem Ort Klangkunst zu veranstalten.<\/p>\n\n\n\n<div style=\"height:30px\" aria-hidden=\"true\" class=\"wp-block-spacer\"><\/div>\n\n\n\n<p><br><\/p>\n\n\n\n<p><iframe loading=\"lazy\" src=\"https:\/\/www.youtube.com\/embed\/1f2V1m2k7Q0\" allowfullscreen=\"allowfullscreen\" width=\"560\" height=\"315\" frameborder=\"0\"><\/iframe><\/p>\n","protected":false},"excerpt":{"rendered":"<p>Audio-CD (ca. 80 min) BMRec001Deutzer Br\u00fccke \u2013 K\u00f6ln, Mai 2015 Eine Hommage an die Deutzer Br\u00fccke. Still ist es in der Deutzer Br\u00fccke nie. Autos und Stra\u00dfenbahn von oben, der Rhein mit seinem regen Schiffsverkehr von unten und der Hall im Inneren. Die CD ist eine akustische Dokumentation des&nbsp;Innenraums, mit knapp 80 Minuten, aufgenommen im &#8230; <a title=\"CD\" class=\"read-more\" href=\"https:\/\/www.brueckenmusik.de\/?page_id=894\" aria-label=\"Read more about CD\">Read more<\/a><\/p>\n","protected":false},"author":1,"featured_media":0,"parent":0,"menu_order":3,"comment_status":"closed","ping_status":"closed","template":"","meta":{"footnotes":""},"class_list":["post-894","page","type-page","status-publish"],"_links":{"self":[{"href":"https:\/\/www.brueckenmusik.de\/index.php?rest_route=\/wp\/v2\/pages\/894","targetHints":{"allow":["GET"]}}],"collection":[{"href":"https:\/\/www.brueckenmusik.de\/index.php?rest_route=\/wp\/v2\/pages"}],"about":[{"href":"https:\/\/www.brueckenmusik.de\/index.php?rest_route=\/wp\/v2\/types\/page"}],"author":[{"embeddable":true,"href":"https:\/\/www.brueckenmusik.de\/index.php?rest_route=\/wp\/v2\/users\/1"}],"replies":[{"embeddable":true,"href":"https:\/\/www.brueckenmusik.de\/index.php?rest_route=%2Fwp%2Fv2%2Fcomments&post=894"}],"version-history":[{"count":6,"href":"https:\/\/www.brueckenmusik.de\/index.php?rest_route=\/wp\/v2\/pages\/894\/revisions"}],"predecessor-version":[{"id":3022,"href":"https:\/\/www.brueckenmusik.de\/index.php?rest_route=\/wp\/v2\/pages\/894\/revisions\/3022"}],"wp:attachment":[{"href":"https:\/\/www.brueckenmusik.de\/index.php?rest_route=%2Fwp%2Fv2%2Fmedia&parent=894"}],"curies":[{"name":"wp","href":"https:\/\/api.w.org\/{rel}","templated":true}]}}